{"id":6,"date":"2025-05-28T10:00:24","date_gmt":"2025-05-28T13:00:24","guid":{"rendered":"https:\/\/inter.resgateuti.com.br\/?page_id=6"},"modified":"2026-02-20T12:07:00","modified_gmt":"2026-02-20T15:07:00","slug":"webapp","status":"publish","type":"page","link":"https:\/\/inter.resgateuti.com.br\/","title":{"rendered":"WebApp"},"content":{"rendered":"\t\t<div data-elementor-type=\"wp-page\" data-elementor-id=\"6\" class=\"elementor elementor-6\" data-elementor-post-type=\"page\">\n\t\t\t\t\t\t<section class=\"elementor-section elementor-top-section elementor-element elementor-element-256c052 elementor-hidden-tablet elementor-hidden-mobile elementor-section-boxed elementor-section-height-default elementor-section-height-default\" data-id=\"256c052\" data-element_type=\"section\" data-settings=\"{&quot;background_background&quot;:&quot;classic&quot;}\">\n\t\t\t\t\t\t<div class=\"elementor-container elementor-column-gap-default\">\n\t\t\t\t\t<div class=\"elementor-column elementor-col-100 elementor-top-column elementor-element elementor-element-416e007\" data-id=\"416e007\" data-element_type=\"column\" data-settings=\"{&quot;background_background&quot;:&quot;classic&quot;}\">\n\t\t\t<div class=\"elementor-widget-wrap elementor-element-populated\">\n\t\t\t\t\t\t<section class=\"elementor-section elementor-inner-section elementor-element elementor-element-68cbf86 elementor-section-boxed elementor-section-height-default elementor-section-height-default\" data-id=\"68cbf86\" data-element_type=\"section\">\n\t\t\t\t\t\t<div class=\"elementor-container elementor-column-gap-default\">\n\t\t\t\t\t<div class=\"elementor-column elementor-col-50 elementor-inner-column elementor-element elementor-element-d710531\" data-id=\"d710531\" data-element_type=\"column\">\n\t\t\t<div class=\"elementor-widget-wrap elementor-element-populated\">\n\t\t\t\t\t\t<div class=\"elementor-element elementor-element-3815bd9 elementor-position-top elementor-widget elementor-widget-image-box\" data-id=\"3815bd9\" data-element_type=\"widget\" data-widget_type=\"image-box.default\">\n\t\t\t\t<div class=\"elementor-widget-container\">\n\t\t\t\t\t<div class=\"elementor-image-box-wrapper\"><figure class=\"elementor-image-box-img\"><img fetchpriority=\"high\" decoding=\"async\" width=\"362\" height=\"152\" src=\"https:\/\/inter.resgateuti.com.br\/wp-content\/uploads\/2026\/02\/logo-nova-trans.png\" class=\"attachment-full size-full wp-image-294\" alt=\"\" srcset=\"https:\/\/inter.resgateuti.com.br\/wp-content\/uploads\/2026\/02\/logo-nova-trans.png 362w, https:\/\/inter.resgateuti.com.br\/wp-content\/uploads\/2026\/02\/logo-nova-trans-300x126.png 300w\" sizes=\"(max-width: 362px) 100vw, 362px\" \/><\/figure><div class=\"elementor-image-box-content\"><h3 class=\"elementor-image-box-title\">Uso Exclusivo Pelo Celular<\/h3><p class=\"elementor-image-box-description\">Este aplicativo foi desenvolvido para conveniados do programa SOS RESGATE de uso exclusivo pelo celular.<\/p><\/div><\/div>\t\t\t\t<\/div>\n\t\t\t\t<\/div>\n\t\t\t\t<div class=\"elementor-element elementor-element-72fc881 elementor-widget__width-initial elementor-widget elementor-widget-heading\" data-id=\"72fc881\" data-element_type=\"widget\" data-widget_type=\"heading.default\">\n\t\t\t\t<div class=\"elementor-widget-container\">\n\t\t\t\t\t<h2 class=\"elementor-heading-title elementor-size-default\">Por favor, aponte o seu celular para o QRCode, clicando para abrir o aplicativo e aproveitar todos os benef\u00edcios do melhor programa de qualidade de vida e sa\u00fade para voc\u00ea!<\/h2>\t\t\t\t<\/div>\n\t\t\t\t<\/div>\n\t\t\t\t<div class=\"elementor-element elementor-element-6774365 elementor-widget__width-initial elementor-widget elementor-widget-image\" data-id=\"6774365\" data-element_type=\"widget\" data-widget_type=\"image.default\">\n\t\t\t\t<div class=\"elementor-widget-container\">\n\t\t\t\t\t\t\t\t\t\t\t\t\t\t\t<img decoding=\"async\" width=\"800\" height=\"800\" src=\"https:\/\/inter.resgateuti.com.br\/wp-content\/uploads\/2026\/01\/Inter.png\" class=\"attachment-large size-large wp-image-281\" alt=\"\" srcset=\"https:\/\/inter.resgateuti.com.br\/wp-content\/uploads\/2026\/01\/Inter.png 999w, https:\/\/inter.resgateuti.com.br\/wp-content\/uploads\/2026\/01\/Inter-300x300.png 300w, https:\/\/inter.resgateuti.com.br\/wp-content\/uploads\/2026\/01\/Inter-150x150.png 150w, https:\/\/inter.resgateuti.com.br\/wp-content\/uploads\/2026\/01\/Inter-768x768.png 768w\" sizes=\"(max-width: 800px) 100vw, 800px\" \/>\t\t\t\t\t\t\t\t\t\t\t\t\t\t\t<\/div>\n\t\t\t\t<\/div>\n\t\t\t\t\t<\/div>\n\t\t<\/div>\n\t\t\t\t<div class=\"elementor-column elementor-col-50 elementor-inner-column elementor-element elementor-element-a9cd455\" data-id=\"a9cd455\" data-element_type=\"column\" data-settings=\"{&quot;background_background&quot;:&quot;classic&quot;}\">\n\t\t\t<div class=\"elementor-widget-wrap elementor-element-populated\">\n\t\t\t\t\t\t<div class=\"elementor-element elementor-element-2ec350c elementor-widget elementor-widget-image\" data-id=\"2ec350c\" data-element_type=\"widget\" data-widget_type=\"image.default\">\n\t\t\t\t<div class=\"elementor-widget-container\">\n\t\t\t\t\t\t\t\t\t\t\t\t\t\t\t<img decoding=\"async\" width=\"840\" height=\"1250\" src=\"https:\/\/inter.resgateuti.com.br\/wp-content\/uploads\/2026\/01\/garota-moderna-sorridente-usando-telefone-celular-conversando-e-parecendo-feliz-conceito-de-tecnologia-celular-vestindo-camiseta-e1757525286307.png\" class=\"attachment-full size-full wp-image-287\" alt=\"\" srcset=\"https:\/\/inter.resgateuti.com.br\/wp-content\/uploads\/2026\/01\/garota-moderna-sorridente-usando-telefone-celular-conversando-e-parecendo-feliz-conceito-de-tecnologia-celular-vestindo-camiseta-e1757525286307.png 840w, https:\/\/inter.resgateuti.com.br\/wp-content\/uploads\/2026\/01\/garota-moderna-sorridente-usando-telefone-celular-conversando-e-parecendo-feliz-conceito-de-tecnologia-celular-vestindo-camiseta-e1757525286307-202x300.png 202w, https:\/\/inter.resgateuti.com.br\/wp-content\/uploads\/2026\/01\/garota-moderna-sorridente-usando-telefone-celular-conversando-e-parecendo-feliz-conceito-de-tecnologia-celular-vestindo-camiseta-e1757525286307-688x1024.png 688w, https:\/\/inter.resgateuti.com.br\/wp-content\/uploads\/2026\/01\/garota-moderna-sorridente-usando-telefone-celular-conversando-e-parecendo-feliz-conceito-de-tecnologia-celular-vestindo-camiseta-e1757525286307-768x1143.png 768w\" sizes=\"(max-width: 840px) 100vw, 840px\" \/>\t\t\t\t\t\t\t\t\t\t\t\t\t\t\t<\/div>\n\t\t\t\t<\/div>\n\t\t\t\t\t<\/div>\n\t\t<\/div>\n\t\t\t\t\t<\/div>\n\t\t<\/section>\n\t\t\t\t\t<\/div>\n\t\t<\/div>\n\t\t\t\t\t<\/div>\n\t\t<\/section>\n\t\t\t\t<section class=\"elementor-section elementor-top-section elementor-element elementor-element-557c3ef elementor-hidden-desktop elementor-section-boxed elementor-section-height-default elementor-section-height-default\" data-id=\"557c3ef\" data-element_type=\"section\" data-settings=\"{&quot;background_background&quot;:&quot;classic&quot;}\">\n\t\t\t\t\t\t<div class=\"elementor-container elementor-column-gap-default\">\n\t\t\t\t\t<div class=\"elementor-column elementor-col-100 elementor-top-column elementor-element elementor-element-edb1a91\" data-id=\"edb1a91\" data-element_type=\"column\">\n\t\t\t<div class=\"elementor-widget-wrap elementor-element-populated\">\n\t\t\t\t\t\t<div class=\"elementor-element elementor-element-4dc5e14 elementor-widget elementor-widget-image\" data-id=\"4dc5e14\" data-element_type=\"widget\" data-widget_type=\"image.default\">\n\t\t\t\t<div class=\"elementor-widget-container\">\n\t\t\t\t\t\t\t\t\t\t\t\t\t\t\t<img fetchpriority=\"high\" decoding=\"async\" width=\"362\" height=\"152\" src=\"https:\/\/inter.resgateuti.com.br\/wp-content\/uploads\/2026\/02\/logo-nova-trans.png\" class=\"attachment-full size-full wp-image-294\" alt=\"\" srcset=\"https:\/\/inter.resgateuti.com.br\/wp-content\/uploads\/2026\/02\/logo-nova-trans.png 362w, https:\/\/inter.resgateuti.com.br\/wp-content\/uploads\/2026\/02\/logo-nova-trans-300x126.png 300w\" sizes=\"(max-width: 362px) 100vw, 362px\" \/>\t\t\t\t\t\t\t\t\t\t\t\t\t\t\t<\/div>\n\t\t\t\t<\/div>\n\t\t\t\t<div class=\"elementor-element elementor-element-285c1f7 elementor-widget elementor-widget-text-editor\" data-id=\"285c1f7\" data-element_type=\"widget\" data-widget_type=\"text-editor.default\">\n\t\t\t\t<div class=\"elementor-widget-container\">\n\t\t\t\t\t\t\t\t\t<p>ATENDIMENTO CONVENIADOS DOS EUA<\/p>\t\t\t\t\t\t\t\t<\/div>\n\t\t\t\t<\/div>\n\t\t\t\t<div class=\"elementor-element elementor-element-660998e elementor-widget-divider--view-line elementor-widget elementor-widget-divider\" data-id=\"660998e\" data-element_type=\"widget\" data-widget_type=\"divider.default\">\n\t\t\t\t<div class=\"elementor-widget-container\">\n\t\t\t\t\t\t\t<div class=\"elementor-divider\">\n\t\t\t<span class=\"elementor-divider-separator\">\n\t\t\t\t\t\t<\/span>\n\t\t<\/div>\n\t\t\t\t\t\t<\/div>\n\t\t\t\t<\/div>\n\t\t\t\t<section class=\"elementor-section elementor-inner-section elementor-element elementor-element-4da649e elementor-section-boxed elementor-section-height-default elementor-section-height-default\" data-id=\"4da649e\" data-element_type=\"section\">\n\t\t\t\t\t\t<div class=\"elementor-container elementor-column-gap-default\">\n\t\t\t\t\t<div class=\"make-column-clickable-elementor elementor-column elementor-col-25 elementor-inner-column elementor-element elementor-element-4388ed3\" style=\"cursor: pointer;\" data-column-clickable=\"https:\/\/resgateuti.com.br\" data-column-clickable-blank=\"_blank\" data-id=\"4388ed3\" data-element_type=\"column\" data-settings=\"{&quot;background_background&quot;:&quot;classic&quot;}\">\n\t\t\t<div class=\"elementor-widget-wrap\">\n\t\t\t\t\t\t\t<\/div>\n\t\t<\/div>\n\t\t\t\t<div class=\"make-column-clickable-elementor elementor-column elementor-col-25 elementor-inner-column elementor-element elementor-element-1d8bf2c\" style=\"cursor: pointer;\" data-column-clickable=\"https:\/\/resgateuti.com.br\" data-column-clickable-blank=\"_blank\" data-id=\"1d8bf2c\" data-element_type=\"column\" data-settings=\"{&quot;background_background&quot;:&quot;classic&quot;}\">\n\t\t\t<div class=\"elementor-widget-wrap elementor-element-populated\">\n\t\t\t\t\t\t<div class=\"elementor-element elementor-element-fdee323 elementor-view-default elementor-position-top elementor-mobile-position-top elementor-widget elementor-widget-icon-box\" data-id=\"fdee323\" data-element_type=\"widget\" data-widget_type=\"icon-box.default\">\n\t\t\t\t<div class=\"elementor-widget-container\">\n\t\t\t\t\t\t\t<div class=\"elementor-icon-box-wrapper\">\n\n\t\t\t\t\t\t<div class=\"elementor-icon-box-icon\">\n\t\t\t\t<a href=\"http:\/\/medycco.com\" target=\"_blank\" class=\"elementor-icon\" tabindex=\"-1\" aria-label=\"Home\">\n\t\t\t\t<i aria-hidden=\"true\" class=\"jki jki-home1-light\"><\/i>\t\t\t\t<\/a>\n\t\t\t<\/div>\n\t\t\t\n\t\t\t\t\t\t<div class=\"elementor-icon-box-content\">\n\n\t\t\t\t\t\t\t\t\t<h3 class=\"elementor-icon-box-title\">\n\t\t\t\t\t\t<a href=\"http:\/\/medycco.com\" target=\"_blank\" >\n\t\t\t\t\t\t\tHome\t\t\t\t\t\t<\/a>\n\t\t\t\t\t<\/h3>\n\t\t\t\t\n\t\t\t\t\n\t\t\t<\/div>\n\t\t\t\n\t\t<\/div>\n\t\t\t\t\t\t<\/div>\n\t\t\t\t<\/div>\n\t\t\t\t\t<\/div>\n\t\t<\/div>\n\t\t\t\t<div class=\"make-column-clickable-elementor elementor-column elementor-col-25 elementor-inner-column elementor-element elementor-element-1383e59\" style=\"cursor: pointer;\" data-column-clickable=\"https:\/\/resgateuti.com.br\" data-column-clickable-blank=\"_blank\" data-id=\"1383e59\" data-element_type=\"column\" data-settings=\"{&quot;background_background&quot;:&quot;classic&quot;}\">\n\t\t\t<div class=\"elementor-widget-wrap elementor-element-populated\">\n\t\t\t\t\t\t<div class=\"elementor-element elementor-element-ad402a6 elementor-view-default elementor-position-top elementor-mobile-position-top elementor-widget elementor-widget-icon-box\" data-id=\"ad402a6\" data-element_type=\"widget\" data-widget_type=\"icon-box.default\">\n\t\t\t\t<div class=\"elementor-widget-container\">\n\t\t\t\t\t\t\t<div class=\"elementor-icon-box-wrapper\">\n\n\t\t\t\t\t\t<div class=\"elementor-icon-box-icon\">\n\t\t\t\t<a href=\"https:\/\/atendimento.consultaonline.app.br\/login\" target=\"_blank\" class=\"elementor-icon\" tabindex=\"-1\" aria-label=\"Fale Com M\u00e9dico Agora\">\n\t\t\t\t<i aria-hidden=\"true\" class=\"jki jki-Computer-light\"><\/i>\t\t\t\t<\/a>\n\t\t\t<\/div>\n\t\t\t\n\t\t\t\t\t\t<div class=\"elementor-icon-box-content\">\n\n\t\t\t\t\t\t\t\t\t<h3 class=\"elementor-icon-box-title\">\n\t\t\t\t\t\t<a href=\"https:\/\/atendimento.consultaonline.app.br\/login\" target=\"_blank\" >\n\t\t\t\t\t\t\tFale Com M\u00e9dico Agora\t\t\t\t\t\t<\/a>\n\t\t\t\t\t<\/h3>\n\t\t\t\t\n\t\t\t\t\n\t\t\t<\/div>\n\t\t\t\n\t\t<\/div>\n\t\t\t\t\t\t<\/div>\n\t\t\t\t<\/div>\n\t\t\t\t\t<\/div>\n\t\t<\/div>\n\t\t\t\t<div class=\"make-column-clickable-elementor elementor-column elementor-col-25 elementor-inner-column elementor-element elementor-element-1da0672\" style=\"cursor: pointer;\" data-column-clickable=\"https:\/\/resgateuti.com.br\" data-column-clickable-blank=\"_blank\" data-id=\"1da0672\" data-element_type=\"column\" data-settings=\"{&quot;background_background&quot;:&quot;classic&quot;}\">\n\t\t\t<div class=\"elementor-widget-wrap\">\n\t\t\t\t\t\t\t<\/div>\n\t\t<\/div>\n\t\t\t\t\t<\/div>\n\t\t<\/section>\n\t\t\t\t<section class=\"elementor-section elementor-inner-section elementor-element elementor-element-6076362 elementor-section-boxed elementor-section-height-default elementor-section-height-default\" data-id=\"6076362\" data-element_type=\"section\">\n\t\t\t\t\t\t<div class=\"elementor-container elementor-column-gap-default\">\n\t\t\t\t\t<div class=\"make-column-clickable-elementor elementor-column elementor-col-25 elementor-inner-column elementor-element elementor-element-93a12cd\" style=\"cursor: pointer;\" data-column-clickable=\"https:\/\/resgateuti.com.br\" data-column-clickable-blank=\"_blank\" data-id=\"93a12cd\" data-element_type=\"column\" data-settings=\"{&quot;background_background&quot;:&quot;classic&quot;}\">\n\t\t\t<div class=\"elementor-widget-wrap\">\n\t\t\t\t\t\t\t<\/div>\n\t\t<\/div>\n\t\t\t\t<div class=\"make-column-clickable-elementor elementor-column elementor-col-25 elementor-inner-column elementor-element elementor-element-a08a98d\" style=\"cursor: pointer;\" data-column-clickable=\"https:\/\/wa.me\/5508005918750\" data-column-clickable-blank=\"_blank\" data-id=\"a08a98d\" data-element_type=\"column\" data-settings=\"{&quot;background_background&quot;:&quot;classic&quot;}\">\n\t\t\t<div class=\"elementor-widget-wrap elementor-element-populated\">\n\t\t\t\t\t\t<div class=\"elementor-element elementor-element-a409154 elementor-view-default elementor-position-top elementor-mobile-position-top elementor-widget elementor-widget-icon-box\" data-id=\"a409154\" data-element_type=\"widget\" data-widget_type=\"icon-box.default\">\n\t\t\t\t<div class=\"elementor-widget-container\">\n\t\t\t\t\t\t\t<div class=\"elementor-icon-box-wrapper\">\n\n\t\t\t\t\t\t<div class=\"elementor-icon-box-icon\">\n\t\t\t\t<a href=\"https:\/\/wa.me\/5508005918750\" target=\"_blank\" class=\"elementor-icon\" tabindex=\"-1\" aria-label=\"Agendamento Psicol\u00f3gico\">\n\t\t\t\t<i aria-hidden=\"true\" class=\"jki jki-brain-light\"><\/i>\t\t\t\t<\/a>\n\t\t\t<\/div>\n\t\t\t\n\t\t\t\t\t\t<div class=\"elementor-icon-box-content\">\n\n\t\t\t\t\t\t\t\t\t<h3 class=\"elementor-icon-box-title\">\n\t\t\t\t\t\t<a href=\"https:\/\/wa.me\/5508005918750\" target=\"_blank\" >\n\t\t\t\t\t\t\tAgendamento Psicol\u00f3gico\t\t\t\t\t\t<\/a>\n\t\t\t\t\t<\/h3>\n\t\t\t\t\n\t\t\t\t\n\t\t\t<\/div>\n\t\t\t\n\t\t<\/div>\n\t\t\t\t\t\t<\/div>\n\t\t\t\t<\/div>\n\t\t\t\t\t<\/div>\n\t\t<\/div>\n\t\t\t\t<div class=\"make-column-clickable-elementor elementor-column elementor-col-25 elementor-inner-column elementor-element elementor-element-ff972bf\" style=\"cursor: pointer;\" data-column-clickable=\"https:\/\/wa.me\/5508005918750\" data-column-clickable-blank=\"_blank\" data-id=\"ff972bf\" data-element_type=\"column\" data-settings=\"{&quot;background_background&quot;:&quot;classic&quot;}\">\n\t\t\t<div class=\"elementor-widget-wrap elementor-element-populated\">\n\t\t\t\t\t\t<div class=\"elementor-element elementor-element-1e23e87 elementor-view-default elementor-position-top elementor-mobile-position-top elementor-widget elementor-widget-icon-box\" data-id=\"1e23e87\" data-element_type=\"widget\" data-widget_type=\"icon-box.default\">\n\t\t\t\t<div class=\"elementor-widget-container\">\n\t\t\t\t\t\t\t<div class=\"elementor-icon-box-wrapper\">\n\n\t\t\t\t\t\t<div class=\"elementor-icon-box-icon\">\n\t\t\t\t<a href=\"https:\/\/wa.me\/5508005918750\" target=\"_blank\" class=\"elementor-icon\" tabindex=\"-1\" aria-label=\"Agendamento M\u00e9dicos Especialistas\">\n\t\t\t\t<i aria-hidden=\"true\" class=\"jki jki-calendar-full-light\"><\/i>\t\t\t\t<\/a>\n\t\t\t<\/div>\n\t\t\t\n\t\t\t\t\t\t<div class=\"elementor-icon-box-content\">\n\n\t\t\t\t\t\t\t\t\t<h3 class=\"elementor-icon-box-title\">\n\t\t\t\t\t\t<a href=\"https:\/\/wa.me\/5508005918750\" target=\"_blank\" >\n\t\t\t\t\t\t\tAgendamento M\u00e9dicos Especialistas\t\t\t\t\t\t<\/a>\n\t\t\t\t\t<\/h3>\n\t\t\t\t\n\t\t\t\t\n\t\t\t<\/div>\n\t\t\t\n\t\t<\/div>\n\t\t\t\t\t\t<\/div>\n\t\t\t\t<\/div>\n\t\t\t\t\t<\/div>\n\t\t<\/div>\n\t\t\t\t<div class=\"make-column-clickable-elementor elementor-column elementor-col-25 elementor-inner-column elementor-element elementor-element-3cc2934\" style=\"cursor: pointer;\" data-column-clickable=\"https:\/\/resgateuti.com.br\" data-column-clickable-blank=\"_blank\" data-id=\"3cc2934\" data-element_type=\"column\" data-settings=\"{&quot;background_background&quot;:&quot;classic&quot;}\">\n\t\t\t<div class=\"elementor-widget-wrap\">\n\t\t\t\t\t\t\t<\/div>\n\t\t<\/div>\n\t\t\t\t\t<\/div>\n\t\t<\/section>\n\t\t\t\t<section class=\"elementor-section elementor-inner-section elementor-element elementor-element-7fd9f04 elementor-section-boxed elementor-section-height-default elementor-section-height-default\" data-id=\"7fd9f04\" data-element_type=\"section\">\n\t\t\t\t\t\t<div class=\"elementor-container elementor-column-gap-default\">\n\t\t\t\t\t<div class=\"make-column-clickable-elementor elementor-column elementor-col-25 elementor-inner-column elementor-element elementor-element-3f87180\" style=\"cursor: pointer;\" data-column-clickable=\"https:\/\/resgateuti.com.br\" data-column-clickable-blank=\"_blank\" data-id=\"3f87180\" data-element_type=\"column\" data-settings=\"{&quot;background_background&quot;:&quot;classic&quot;}\">\n\t\t\t<div class=\"elementor-widget-wrap\">\n\t\t\t\t\t\t\t<\/div>\n\t\t<\/div>\n\t\t\t\t<div class=\"make-column-clickable-elementor elementor-column elementor-col-25 elementor-inner-column elementor-element elementor-element-e0ab5cb\" style=\"cursor: pointer;\" data-column-clickable=\"https:\/\/wa.me\/5508005918750\" data-column-clickable-blank=\"_blank\" data-id=\"e0ab5cb\" data-element_type=\"column\" data-settings=\"{&quot;background_background&quot;:&quot;classic&quot;}\">\n\t\t\t<div class=\"elementor-widget-wrap elementor-element-populated\">\n\t\t\t\t\t\t<div class=\"elementor-element elementor-element-34fda14 elementor-view-default elementor-position-top elementor-mobile-position-top elementor-widget elementor-widget-icon-box\" data-id=\"34fda14\" data-element_type=\"widget\" data-widget_type=\"icon-box.default\">\n\t\t\t\t<div class=\"elementor-widget-container\">\n\t\t\t\t\t\t\t<div class=\"elementor-icon-box-wrapper\">\n\n\t\t\t\t\t\t<div class=\"elementor-icon-box-icon\">\n\t\t\t\t<a href=\"https:\/\/wa.me\/5508005918750\" target=\"_blank\" class=\"elementor-icon\" tabindex=\"-1\" aria-label=\"Receitu\u00e1rio Internacional\">\n\t\t\t\t<i aria-hidden=\"true\" class=\"jki jki-notes-medical-solid\"><\/i>\t\t\t\t<\/a>\n\t\t\t<\/div>\n\t\t\t\n\t\t\t\t\t\t<div class=\"elementor-icon-box-content\">\n\n\t\t\t\t\t\t\t\t\t<h3 class=\"elementor-icon-box-title\">\n\t\t\t\t\t\t<a href=\"https:\/\/wa.me\/5508005918750\" target=\"_blank\" >\n\t\t\t\t\t\t\tReceitu\u00e1rio Internacional\t\t\t\t\t\t<\/a>\n\t\t\t\t\t<\/h3>\n\t\t\t\t\n\t\t\t\t\n\t\t\t<\/div>\n\t\t\t\n\t\t<\/div>\n\t\t\t\t\t\t<\/div>\n\t\t\t\t<\/div>\n\t\t\t\t\t<\/div>\n\t\t<\/div>\n\t\t\t\t<div class=\"make-column-clickable-elementor elementor-column elementor-col-25 elementor-inner-column elementor-element elementor-element-da4ddd0\" style=\"cursor: pointer;\" data-column-clickable=\"https:\/\/wa.me\/5508005918750\" data-column-clickable-blank=\"_blank\" data-id=\"da4ddd0\" data-element_type=\"column\" data-settings=\"{&quot;background_background&quot;:&quot;classic&quot;}\">\n\t\t\t<div class=\"elementor-widget-wrap elementor-element-populated\">\n\t\t\t\t\t\t<div class=\"elementor-element elementor-element-0566e0c elementor-view-default elementor-position-top elementor-mobile-position-top elementor-widget elementor-widget-icon-box\" data-id=\"0566e0c\" data-element_type=\"widget\" data-widget_type=\"icon-box.default\">\n\t\t\t\t<div class=\"elementor-widget-container\">\n\t\t\t\t\t\t\t<div class=\"elementor-icon-box-wrapper\">\n\n\t\t\t\t\t\t<div class=\"elementor-icon-box-icon\">\n\t\t\t\t<a href=\"https:\/\/wa.me\/5508005918750\" target=\"_blank\" class=\"elementor-icon\" tabindex=\"-1\" aria-label=\"SAC RESGATE\">\n\t\t\t\t<svg aria-hidden=\"true\" class=\"e-font-icon-svg e-fab-whatsapp\" viewBox=\"0 0 448 512\" xmlns=\"http:\/\/www.w3.org\/2000\/svg\"><path d=\"M380.9 97.1C339 55.1 283.2 32 223.9 32c-122.4 0-222 99.6-222 222 0 39.1 10.2 77.3 29.6 111L0 480l117.7-30.9c32.4 17.7 68.9 27 106.1 27h.1c122.3 0 224.1-99.6 224.1-222 0-59.3-25.2-115-67.1-157zm-157 341.6c-33.2 0-65.7-8.9-94-25.7l-6.7-4-69.8 18.3L72 359.2l-4.4-7c-18.5-29.4-28.2-63.3-28.2-98.2 0-101.7 82.8-184.5 184.6-184.5 49.3 0 95.6 19.2 130.4 54.1 34.8 34.9 56.2 81.2 56.1 130.5 0 101.8-84.9 184.6-186.6 184.6zm101.2-138.2c-5.5-2.8-32.8-16.2-37.9-18-5.1-1.9-8.8-2.8-12.5 2.8-3.7 5.6-14.3 18-17.6 21.8-3.2 3.7-6.5 4.2-12 1.4-32.6-16.3-54-29.1-75.5-66-5.7-9.8 5.7-9.1 16.3-30.3 1.8-3.7.9-6.9-.5-9.7-1.4-2.8-12.5-30.1-17.1-41.2-4.5-10.8-9.1-9.3-12.5-9.5-3.2-.2-6.9-.2-10.6-.2-3.7 0-9.7 1.4-14.8 6.9-5.1 5.6-19.4 19-19.4 46.3 0 27.3 19.9 53.7 22.6 57.4 2.8 3.7 39.1 59.7 94.8 83.8 35.2 15.2 49 16.5 66.6 13.9 10.7-1.6 32.8-13.4 37.4-26.4 4.6-13 4.6-24.1 3.2-26.4-1.3-2.5-5-3.9-10.5-6.6z\"><\/path><\/svg>\t\t\t\t<\/a>\n\t\t\t<\/div>\n\t\t\t\n\t\t\t\t\t\t<div class=\"elementor-icon-box-content\">\n\n\t\t\t\t\t\t\t\t\t<h3 class=\"elementor-icon-box-title\">\n\t\t\t\t\t\t<a href=\"https:\/\/wa.me\/5508005918750\" target=\"_blank\" >\n\t\t\t\t\t\t\tSAC RESGATE\t\t\t\t\t\t<\/a>\n\t\t\t\t\t<\/h3>\n\t\t\t\t\n\t\t\t\t\n\t\t\t<\/div>\n\t\t\t\n\t\t<\/div>\n\t\t\t\t\t\t<\/div>\n\t\t\t\t<\/div>\n\t\t\t\t\t<\/div>\n\t\t<\/div>\n\t\t\t\t<div class=\"make-column-clickable-elementor elementor-column elementor-col-25 elementor-inner-column elementor-element elementor-element-87210f3\" style=\"cursor: pointer;\" data-column-clickable=\"https:\/\/resgateuti.com.br\" data-column-clickable-blank=\"_blank\" data-id=\"87210f3\" data-element_type=\"column\" data-settings=\"{&quot;background_background&quot;:&quot;classic&quot;}\">\n\t\t\t<div class=\"elementor-widget-wrap\">\n\t\t\t\t\t\t\t<\/div>\n\t\t<\/div>\n\t\t\t\t\t<\/div>\n\t\t<\/section>\n\t\t\t\t\t<\/div>\n\t\t<\/div>\n\t\t\t\t\t<\/div>\n\t\t<\/section>\n\t\t\t\t<\/div>\n\t\t","protected":false},"excerpt":{"rendered":"<p>Uso Exclusivo Pelo Celular Este aplicativo foi desenvolvido para conveniados do programa SOS RESGATE de uso exclusivo pelo celular. Por favor, aponte o seu celular para o QRCode, clicando para abrir o aplicativo e aproveitar todos os benef\u00edcios do melhor programa de qualidade de vida e sa\u00fade para voc\u00ea! ATENDIMENTO CONVENIADOS DOS EUA Home Fale [&hellip;]<\/p>\n","protected":false},"author":2,"featured_media":0,"parent":0,"menu_order":0,"comment_status":"closed","ping_status":"closed","template":"elementor_canvas","meta":{"footnotes":""},"class_list":["post-6","page","type-page","status-publish","hentry"],"_links":{"self":[{"href":"https:\/\/inter.resgateuti.com.br\/index.php\/wp-json\/wp\/v2\/pages\/6","targetHints":{"allow":["GET"]}}],"collection":[{"href":"https:\/\/inter.resgateuti.com.br\/index.php\/wp-json\/wp\/v2\/pages"}],"about":[{"href":"https:\/\/inter.resgateuti.com.br\/index.php\/wp-json\/wp\/v2\/types\/page"}],"author":[{"embeddable":true,"href":"https:\/\/inter.resgateuti.com.br\/index.php\/wp-json\/wp\/v2\/users\/2"}],"replies":[{"embeddable":true,"href":"https:\/\/inter.resgateuti.com.br\/index.php\/wp-json\/wp\/v2\/comments?post=6"}],"version-history":[{"count":94,"href":"https:\/\/inter.resgateuti.com.br\/index.php\/wp-json\/wp\/v2\/pages\/6\/revisions"}],"predecessor-version":[{"id":303,"href":"https:\/\/inter.resgateuti.com.br\/index.php\/wp-json\/wp\/v2\/pages\/6\/revisions\/303"}],"wp:attachment":[{"href":"https:\/\/inter.resgateuti.com.br\/index.php\/wp-json\/wp\/v2\/media?parent=6"}],"curies":[{"name":"wp","href":"https:\/\/api.w.org\/{rel}","templated":true}]}}